{"id":11,"date":"2018-05-04T19:45:09","date_gmt":"2018-05-04T17:45:09","guid":{"rendered":"http:\/\/lungwitz-foundation.de\/?page_id=11"},"modified":"2018-05-06T18:46:34","modified_gmt":"2018-05-06T16:46:34","slug":"wer-war-hans-lungwitz-1881-1967","status":"publish","type":"page","link":"https:\/\/lungwitz-foundation.de\/?page_id=11","title":{"rendered":"Wer war Hans Lungwitz?"},"content":{"rendered":"<table border=\"0\" width=\"100%\" cellspacing=\"1\" cellpadding=\"1\">\n<tbody>\n<tr>\n<td valign=\"top\" width=\"200\"><img decoding=\"async\" loading=\"lazy\" src=\"http:\/\/lungwitz-foundation.de\/wp-content\/uploads\/2018\/05\/portrait-03.jpg\" alt=\"\" width=\"200\" height=\"291\" \/><\/td>\n<td valign=\"middle\"><strong>Hans Lungwitz (1881-1867) &#8211; <\/strong><strong>Begr\u00fcnder der Psychobiologie, einer kausalit\u00e4ts- und metaphysikfreien wissenschaftlichen Anthropologie<\/strong><\/p>\n<p><strong>Hauptwerke:<\/strong><br \/>\n\u2022<strong> &#8222;Die Entdeckung der Seele&#8220;<\/strong><br \/>\n\u2022<strong> &#8222;Lehrbuch der Psychobiologie&#8220; (8 B\u00e4nde),\u00a0mit <\/strong><\/p>\n<p style=\"margin-left: 0px;\"><strong>&#8211; Neurobiologische und erkenntnistheoretische<br \/>\nGrundlagen der Psychobiologie<br \/>\n&#8211; Psychobiologie der Sprache<br \/>\n&#8211; Psychobiologie der Entwicklung<br \/>\n&#8211; Psychobiologie der Krankheit\u00a0<\/strong><\/p>\n<\/td>\n<\/tr>\n<\/tbody>\n<\/table>\n<p style=\"text-align: left; margin-left: 240px;\"><em>Der Ausganspunkt meiner Lebensarbeit war der Hunger nach Erkenntnis: wie kommt das menschliche Denken, das menschliche Bewusstsein, die menschliche Anschauung zustande? Diese Frage ist einerseits eine philosophische und zwar erkenntnistheoretische, andererseits eine medizinische. Das erkenntnistheoretische Grundproblem ist die Frage nach dem Wesen der Dinge, also die Trias: was ist das Erkannte (das Objekt, das Gedachte, das Bewusste, Wahrgenommene, Angeschaute usw.), was ist das Erkennende (Wahrnehmende, Anschauende, Denkende usw.), und was ist, wie geschieht das Erkennen (Wahrnehmen, Anschauen, Denken usw.)? Die Medizin dagegen &#8230; hat die Aufgabe, das Denkorgan ausfindig zu machen und seine Struktur und Funktion zu studieren und zu beschreiben.<br \/>\n<\/em><\/p>\n<p style=\"text-align: right;\"><em>Hans Lungwitz<\/em><\/p>\n<p>Hans Lungwitz wurde 1881 in G\u00f6\u00dfnitz geboren. Nach dem Studium der Philologie, Chemie und Medizin promovierte er zum Dr. med., Dr. phil. und er\u00f6ffnete 1908 eine \u00e4rztliche Praxis f\u00fcr Allgemeinmedizin in Berlin, wo er bis zu seinem Tode 1967 lebte. Nach einer psychoanalytischen Ausbildung bei Abraham wendet er die Psychoanalyse bei der Behandlung funktioneller St\u00f6rungen an. Zunehmende Zweifel an den von Freud postulierten Annahmen psychischer Mechanismen und seiner Interpretation neurotischer Symptome als der Wirkung der Ursache &#8222;Verdr\u00e4ngung&#8220; veranlassten Lungwitz zur Entwicklung einer eigenen kausalit\u00e4ts- und metaphysikfreien Theorie.<\/p>\n<p>In den zwanziger Jahren des 20. Jahrhunderts begr\u00fcndete er eine eigenst\u00e4ndige philosophische und medizinische Anthropologie, die er Psychobiologie nannte, die er auf \u00fcber f\u00fcnfeinhalbtausend Seiten niederlegte und in den Jahren 1933 bis 1956 in acht volumin\u00f6sen B\u00e4nden in zehn Teilen herausgab. Diesem &#8222;Lehrbuch der Psychobiologie&#8220; schickte er 1925 sein \u201eSkizzenbuch&#8220;&#8220;Die Entdeckung der Seele. Allgemeine Psychobiologie&#8220; voraus. Zudem publizierte Lungwitz psychobiologische Monographien, Aufs\u00e4tze in wissenschaftlichen Zeitschriften und in Tageszeitungen sowie Buchbesprechungen, deren Bibliographie allein an die einhundert Seiten z\u00e4hlt. Den Begriff \u201ePsychobiologie&#8220; nimmt Lungwitz f\u00fcr seine Lehre seit 1924 ausschlie\u00dflich in Anspruch.<\/p>\n<hr \/>\n<p><u><span style=\"font-size: smaller;\"><br \/>\nLiteratur:<\/span><\/u><span style=\"font-size: smaller;\"><br \/>\nBecker, Reinhold. Die Psychobiologie von Hans Lungwitz. W\u00fcrzburger medizinhistorische Mitteilungen, Band 22, 2003<br \/>\nDominicus, Rolf-Dieter: Hans Lungwitz und seine Psychobiologie. Verlag Die Blaue Eule, 1993\u00a0 <\/span><\/p>\n","protected":false},"excerpt":{"rendered":"<p>Hans Lungwitz (1881-1867) &#8211; Begr\u00fcnder der Psychobiologie, einer kausalit\u00e4ts- und metaphysikfreien wissenschaftlichen Anthropologie Hauptwerke: \u2022 &#8222;Die Entdeckung der Seele&#8220; \u2022 &#8222;Lehrbuch der Psychobiologie&#8220; (8 B\u00e4nde),\u00a0mit &#8211; Neurobiologische und erkenntnistheoretische Grundlagen der Psychobiologie &#8211; Psychobiologie der Sprache &#8211; Psychobiologie der Entwicklung &#8211; Psychobiologie der Krankheit\u00a0 Der Ausganspunkt meiner Lebensarbeit war der\u2026<\/p>\n<p class=\"continue-reading-button\"> <a class=\"continue-reading-link\" href=\"https:\/\/lungwitz-foundation.de\/?page_id=11\">Continue reading<i class=\"crycon-right-dir\"><\/i><\/a><\/p>\n","protected":false},"author":1,"featured_media":0,"parent":0,"menu_order":0,"comment_status":"closed","ping_status":"closed","template":"","meta":[],"_links":{"self":[{"href":"https:\/\/lungwitz-foundation.de\/index.php?rest_route=\/wp\/v2\/pages\/11"}],"collection":[{"href":"https:\/\/lungwitz-foundation.de\/index.php?rest_route=\/wp\/v2\/pages"}],"about":[{"href":"https:\/\/lungwitz-foundation.de\/index.php?rest_route=\/wp\/v2\/types\/page"}],"author":[{"embeddable":true,"href":"https:\/\/lungwitz-foundation.de\/index.php?rest_route=\/wp\/v2\/users\/1"}],"replies":[{"embeddable":true,"href":"https:\/\/lungwitz-foundation.de\/index.php?rest_route=%2Fwp%2Fv2%2Fcomments&post=11"}],"version-history":[{"count":15,"href":"https:\/\/lungwitz-foundation.de\/index.php?rest_route=\/wp\/v2\/pages\/11\/revisions"}],"predecessor-version":[{"id":463,"href":"https:\/\/lungwitz-foundation.de\/index.php?rest_route=\/wp\/v2\/pages\/11\/revisions\/463"}],"wp:attachment":[{"href":"https:\/\/lungwitz-foundation.de\/index.php?rest_route=%2Fwp%2Fv2%2Fmedia&parent=11"}],"curies":[{"name":"wp","href":"https:\/\/api.w.org\/{rel}","templated":true}]}}