{"id":17,"date":"2018-05-04T19:47:52","date_gmt":"2018-05-04T17:47:52","guid":{"rendered":"http:\/\/lungwitz-foundation.de\/?page_id=17"},"modified":"2021-11-22T15:11:28","modified_gmt":"2021-11-22T14:11:28","slug":"neurokognition","status":"publish","type":"page","link":"https:\/\/lungwitz-foundation.de\/?page_id=17","title":{"rendered":"Neurokognition"},"content":{"rendered":"<p style=\"text-align: left; margin-left: 240px;\">\u00a0<em><br \/>\nAlthough much has been discovered about the response properties of individual cortical neurons and about the structure of topographic maps, comparatively little is presently known about the functional roles of the layers of cerebral cortex <\/em><\/p>\n<p style=\"margin-left: 240px; text-align: right;\"><em>Stephen Grossberg <\/em><br \/>\n<em>In Cerebral Cortex Jan. 2003<\/em><\/p>\n<p>Die Hirnrinde ist das Organ des Bewusstseins. Es besteht eine Korrelation zwischen der Struktur der Welt (Summe der Bewusstseinseinheiten bzw. Objekten im Lebenszyklus eines Menschen) und der Struktur der Hirnrinde ebenso wie eine Korrelation zwischen den Erlebnisabl\u00e4ufen (Folge von Objekten) und den Funktionsabl\u00e4ufen der Hirnrinde.<\/p>\n<p>Die Psychobiologie ordnet je nach Kategorie des Bewussten das NCC (neural correlat of consciousness) verschiedenen Schichten der Hirnrinde zu: das NCC der Gef\u00fchle befindet sich in der Schicht der kleinen Pyramidenzellen, das NCC der Gegenst\u00e4nde in der Schicht der gro\u00dfen Pyramidenzellen und das NCC der Begriffe (Erinnerungen an Gef\u00fchle und Gegenst\u00e4nde, Gedanken, Vorstellungen usw.) in der Schicht der polymorphen Zellen.<\/p>\n<p style=\"text-align: center;\"><img decoding=\"async\" loading=\"lazy\" class=\"alignnone size-full wp-image-410\" src=\"https:\/\/lungwitz-foundation.de\/wp-content\/uploads\/2018\/05\/hirnrinde-1.jpg\" alt=\"\" width=\"380\" height=\"272\" srcset=\"https:\/\/lungwitz-foundation.de\/wp-content\/uploads\/2018\/05\/hirnrinde-1.jpg 380w, https:\/\/lungwitz-foundation.de\/wp-content\/uploads\/2018\/05\/hirnrinde-1-300x215.jpg 300w, https:\/\/lungwitz-foundation.de\/wp-content\/uploads\/2018\/05\/hirnrinde-1-210x150.jpg 210w, https:\/\/lungwitz-foundation.de\/wp-content\/uploads\/2018\/05\/hirnrinde-1-150x107.jpg 150w\" sizes=\"(max-width: 380px) 100vw, 380px\" \/><\/p>\n<p>Die Gro\u00dfhirnrinde ist aus <i>funktionalen<\/i> Modulen (&#8222;systemgenetische Einheiten&#8220;) aufgebaut, die jeweils aus einer Gef\u00fchls-, einer Gegenstands- und einer Begriffszelle bestehen. Die Zellen eines Moduls befinden sich h\u00e4ufig in verschiedenen Arealen der Hirnrinde.<\/p>\n<table border=\"0\" width=\"100%\" cellspacing=\"1\" cellpadding=\"1\">\n<tbody>\n<tr>\n<td valign=\"top\" width=\"120\"><img decoding=\"async\" loading=\"lazy\" class=\"alignnone size-full wp-image-412\" src=\"https:\/\/lungwitz-foundation.de\/wp-content\/uploads\/2018\/05\/hirnrinde-2.jpg\" alt=\"\" width=\"100\" height=\"235\" srcset=\"https:\/\/lungwitz-foundation.de\/wp-content\/uploads\/2018\/05\/hirnrinde-2.jpg 100w, https:\/\/lungwitz-foundation.de\/wp-content\/uploads\/2018\/05\/hirnrinde-2-64x150.jpg 64w\" sizes=\"(max-width: 100px) 100vw, 100px\" \/><\/td>\n<td valign=\"top\">Jede Zelle der Hirnrinde ist mit jeder anderen direkt bzw. indirekt verbunden und erh\u00e4lt direkte und indirekte &#8222;Zufl\u00fcsse&#8220; aus allen anderen Zellen. Diese &#8222;Zufl\u00fcsse&#8220; bezeichnet die Psychobiologie als Symbolkomponenten. Jedes NCC enth\u00e4lt also Symbolkomponenten aus den jeweils anderen Arealen und Schichten. Daraus folgt, dass es z.B. keine reinen sensorischen Wahrnehmungen (Gegenst\u00e4nde) gibt, sondern diese immer auch Anteile aus den anderen sensorischen Arealen und Gef\u00fchls- und Begriffsanteile enthalten. Ein Gegenstand ist also immer mehr\/minder &#8222;gef\u00fchlig&#8220; und &#8222;begriffig&#8220;. Entsprechendes gilt f\u00fcr die Gef\u00fchle und Begriffe.<\/td>\n<\/tr>\n<\/tbody>\n<\/table>\n<p style=\"text-align: right;\">\u00a0Werner Zabka<\/p>\n<hr \/>\n<p><u><span style=\"font-size: smaller;\"><br \/>\nLiteratur:<\/span><\/u><span style=\"font-size: smaller;\"><br \/>\nLungwitz, Hans: Die Entdeckung der Seele. 5. Auflage 1947<br \/>\nLungwitz, Hans: Lehrbuch der Psychobiologie, Band 1: Das Wesen der Anschauung: Der Mensch als Reflexwesen; Von den Eigenschaften und Funktionen<\/span><\/p>\n<p>&nbsp;<\/p>\n","protected":false},"excerpt":{"rendered":"<p>\u00a0 Although much has been discovered about the response properties of individual cortical neurons and about the structure of topographic maps, comparatively little is presently known about the functional roles of the layers of cerebral cortex Stephen Grossberg In Cerebral Cortex Jan. 2003 Die Hirnrinde ist das Organ des Bewusstseins.\u2026<\/p>\n<p class=\"continue-reading-button\"> <a class=\"continue-reading-link\" href=\"https:\/\/lungwitz-foundation.de\/?page_id=17\">Continue reading<i class=\"crycon-right-dir\"><\/i><\/a><\/p>\n","protected":false},"author":1,"featured_media":0,"parent":0,"menu_order":0,"comment_status":"closed","ping_status":"closed","template":"","meta":[],"_links":{"self":[{"href":"https:\/\/lungwitz-foundation.de\/index.php?rest_route=\/wp\/v2\/pages\/17"}],"collection":[{"href":"https:\/\/lungwitz-foundation.de\/index.php?rest_route=\/wp\/v2\/pages"}],"about":[{"href":"https:\/\/lungwitz-foundation.de\/index.php?rest_route=\/wp\/v2\/types\/page"}],"author":[{"embeddable":true,"href":"https:\/\/lungwitz-foundation.de\/index.php?rest_route=\/wp\/v2\/users\/1"}],"replies":[{"embeddable":true,"href":"https:\/\/lungwitz-foundation.de\/index.php?rest_route=%2Fwp%2Fv2%2Fcomments&post=17"}],"version-history":[{"count":3,"href":"https:\/\/lungwitz-foundation.de\/index.php?rest_route=\/wp\/v2\/pages\/17\/revisions"}],"predecessor-version":[{"id":566,"href":"https:\/\/lungwitz-foundation.de\/index.php?rest_route=\/wp\/v2\/pages\/17\/revisions\/566"}],"wp:attachment":[{"href":"https:\/\/lungwitz-foundation.de\/index.php?rest_route=%2Fwp%2Fv2%2Fmedia&parent=17"}],"curies":[{"name":"wp","href":"https:\/\/api.w.org\/{rel}","templated":true}]}}