{"id":19,"date":"2018-05-04T19:48:46","date_gmt":"2018-05-04T17:48:46","guid":{"rendered":"http:\/\/lungwitz-foundation.de\/?page_id=19"},"modified":"2021-11-22T15:12:47","modified_gmt":"2021-11-22T14:12:47","slug":"psychobiologie-der-gefuehle","status":"publish","type":"page","link":"https:\/\/lungwitz-foundation.de\/?page_id=19","title":{"rendered":"Psychobiologie der Gef\u00fchle"},"content":{"rendered":"<p>Gef\u00fchle korrelieren mit dem Funktionsh\u00f6hepunkt der kleinen Pyramidenzellen der Hirnrinde. Diese bilden zusammen das kortikale Zentrum des sympathischen und parasympathischen Nervensystems und sind das Organ der Gef\u00fchlswahrnehmung.<\/p>\n<p>Die kleinen Pyramidenzellen liegen auf Reflexstrecken, deren afferente Schenkel an den inneren Organen innerviert werden, und die \u00fcber die subkortikalen Zentren zur Hirnrinde laufen. Die efferenten Strecken enden an den kontraktilen Elementen der zugeh\u00f6rigen Organe.<\/p>\n<p>Aus der Struktur der jeweils innervierten Fasern (zirkul\u00e4re, oblique, longitudinale) leitet Lungwitz f\u00fcnf Grundgef\u00fchle ab:<\/p>\n<p style=\"margin-bottom: 0cm; text-align: center;\">\u00a0<img decoding=\"async\" loading=\"lazy\" class=\"alignnone size-full wp-image-400\" src=\"https:\/\/lungwitz-foundation.de\/wp-content\/uploads\/2018\/05\/blutgefaess-1.jpg\" alt=\"\" width=\"458\" height=\"211\" srcset=\"https:\/\/lungwitz-foundation.de\/wp-content\/uploads\/2018\/05\/blutgefaess-1.jpg 458w, https:\/\/lungwitz-foundation.de\/wp-content\/uploads\/2018\/05\/blutgefaess-1-300x138.jpg 300w, https:\/\/lungwitz-foundation.de\/wp-content\/uploads\/2018\/05\/blutgefaess-1-250x115.jpg 250w, https:\/\/lungwitz-foundation.de\/wp-content\/uploads\/2018\/05\/blutgefaess-1-150x69.jpg 150w\" sizes=\"(max-width: 458px) 100vw, 458px\" \/><\/p>\n<p style=\"margin-bottom: 0cm;\">Stellvertretend f\u00fcr jeweils eine Vielzahl von Gef\u00fchlen stehen die Begriffe Hunger, Angst, Schmerz, Trauer und Freude:<br \/>\n<b>Hunger<\/b> steht z.B. f\u00fcr Wille, Wunsch, Verlangen, Mut, Not, Durst, Sehnsucht usw.<br \/>\nGestauter Hunger ist <b>Hass<\/b>, sein motorischer Ausdruck ist Wut.<\/p>\n<p style=\"margin-bottom: 0cm;\"><b>Angst<\/b> steht z.B. f\u00fcr Erwartung, Schwanken, Vorsicht, Scham, Hemmung usw.<\/p>\n<p style=\"margin-bottom: 0cm;\"><b>Schmerz<\/b> steht z.B. f\u00fcr das Gef\u00fchl der Trennung, der Entscheidung, des \u00dcberwindens, des K\u00e4mpfens, Leidens usw.<\/p>\n<p style=\"margin-bottom: 0cm;\"><b>Trauer<\/b> steht z.B. f\u00fcr das Gef\u00fchl der vollzogenen Trennung, des Verlassenseins, der Ermattung usw.<\/p>\n<p><b>Freude<\/b> steht z.B. f\u00fcr das Gef\u00fchl der Vollendung, des Erfolges, Befriedigung, des Gl\u00fccks, der S\u00e4ttigung usw.. Gestaute Freude ist <b>Ekel<\/b> (\u00dcbers\u00e4ttigung, \u00dcberdruss, V\u00f6llegef\u00fchl).<\/p>\n<p>Gem\u00e4\u00df dem modularen Aufbau der Hirnrinde in systemgenetischen Einheiten ist jedes Gef\u00fchl &#8222;gerichtet auf&#8220; einen Gegenstand mit dem zugeh\u00f6rigen motorischen Ausdruck (Emotion) oder auf einen Begriff.<br \/>\nBeispiele: Hunger auf Brot, Angst vor der Zukunft (Begriff).<\/p>\n<p>Es gibt keine hundertprozentig reinen Gef\u00fchle. In verschiedenster Zusammensetzung sind auch immer Komponenten der jeweils anderen Gef\u00fchle &#8222;enthalten&#8220;.<br \/>\nBeispiele f\u00fcr Mischgef\u00fchle: Hoffnung ist freudehaltiger Hunger, Trost ist freudehaltige Trauer.<\/p>\n<p style=\"margin-bottom: 0cm;\">Jeder Erlebens- und Verhaltenszyklus durchl\u00e4uft die Phasen Hunger, Angst, Schmerz, Trauer und Freude in dieser Reihenfolge, wobei je nach Zyklus die einzelnen Phasen verschiedene Intensit\u00e4t und Dauer haben k\u00f6nnen. Jeder Zyklus ist integraler Bestandteil des n\u00e4chst h\u00f6heren Zyklus bis zum Lebenszyklus jedes Menschen.<\/p>\n<hr \/>\n<p><u><span style=\"font-size: smaller;\"><br \/>\nLiteratur<\/span>:<\/u><\/p>\n<p><span style=\"font-size: smaller;\">Becker, Reinhold: Wunderlich, Hans-Peter (Hrsg.), 2004: R.W.H. Funk: Neuere Beitr\u00e4ge zur funktionellen Morphologie der afferenten Innervation und zentralen Repr\u00e4sentation von glatt-muskul\u00e4ren Hohlorganen; Reinhold Becker: Die Gef\u00fchlslehre von Hans Lungwitz. Gef\u00fchle und Gef\u00fchlsausdruck, Thieme-Verlag<\/span><\/p>\n<p style=\"widows: 0; orphans: 0;\"><span style=\"font-size: smaller;\">Lungwitz, Hans1970: Lehrbuch der Psychobiologie, Band 1 und Band, 2. Auflage Berlin: Hans-Lungwitz-Stiftung<\/span><\/p>\n<p style=\"widows: 0; orphans: 0;\"><span style=\"font-size: smaller;\">Lungwitz, Hans 1947: Die Entdeckung der Seele. Berlin. De Gruyter Verlag,5. Auflage<\/span><\/p>\n<p style=\"margin-bottom: 0cm;\"><span style=\"font-size: smaller;\">Machleidt, Wielant, Gutjahr, Leopold, et al.,1989: Grundgef\u00fchle. Heidelberg.Springer-Verlag<\/span><\/p>\n<p>&nbsp;<\/p>\n","protected":false},"excerpt":{"rendered":"<p>Gef\u00fchle korrelieren mit dem Funktionsh\u00f6hepunkt der kleinen Pyramidenzellen der Hirnrinde. Diese bilden zusammen das kortikale Zentrum des sympathischen und parasympathischen Nervensystems und sind das Organ der Gef\u00fchlswahrnehmung. Die kleinen Pyramidenzellen liegen auf Reflexstrecken, deren afferente Schenkel an den inneren Organen innerviert werden, und die \u00fcber die subkortikalen Zentren zur Hirnrinde\u2026<\/p>\n<p class=\"continue-reading-button\"> <a class=\"continue-reading-link\" href=\"https:\/\/lungwitz-foundation.de\/?page_id=19\">Continue reading<i class=\"crycon-right-dir\"><\/i><\/a><\/p>\n","protected":false},"author":1,"featured_media":0,"parent":0,"menu_order":0,"comment_status":"closed","ping_status":"closed","template":"","meta":[],"_links":{"self":[{"href":"https:\/\/lungwitz-foundation.de\/index.php?rest_route=\/wp\/v2\/pages\/19"}],"collection":[{"href":"https:\/\/lungwitz-foundation.de\/index.php?rest_route=\/wp\/v2\/pages"}],"about":[{"href":"https:\/\/lungwitz-foundation.de\/index.php?rest_route=\/wp\/v2\/types\/page"}],"author":[{"embeddable":true,"href":"https:\/\/lungwitz-foundation.de\/index.php?rest_route=\/wp\/v2\/users\/1"}],"replies":[{"embeddable":true,"href":"https:\/\/lungwitz-foundation.de\/index.php?rest_route=%2Fwp%2Fv2%2Fcomments&post=19"}],"version-history":[{"count":2,"href":"https:\/\/lungwitz-foundation.de\/index.php?rest_route=\/wp\/v2\/pages\/19\/revisions"}],"predecessor-version":[{"id":567,"href":"https:\/\/lungwitz-foundation.de\/index.php?rest_route=\/wp\/v2\/pages\/19\/revisions\/567"}],"wp:attachment":[{"href":"https:\/\/lungwitz-foundation.de\/index.php?rest_route=%2Fwp%2Fv2%2Fmedia&parent=19"}],"curies":[{"name":"wp","href":"https:\/\/api.w.org\/{rel}","templated":true}]}}