{"id":53,"date":"2018-05-04T20:11:50","date_gmt":"2018-05-04T18:11:50","guid":{"rendered":"http:\/\/lungwitz-foundation.de\/?page_id=53"},"modified":"2018-06-28T13:10:09","modified_gmt":"2018-06-28T11:10:09","slug":"gefoerderte-publikationen","status":"publish","type":"page","link":"https:\/\/lungwitz-foundation.de\/?page_id=53","title":{"rendered":"Gef\u00f6rderte Publikationen"},"content":{"rendered":"<p>&nbsp;<\/p>\n<table border=\"0\" width=\"100%\" cellspacing=\"1\" cellpadding=\"1\">\n<tbody>\n<tr>\n<td colspan=\"2\">\u00a0Alle Titel sind zu beziehen \u00fcber den Buchhandel oder die Gesch\u00e4ftsstelle:<\/td>\n<\/tr>\n<tr>\n<td colspan=\"2\">\n<hr \/>\n<\/td>\n<\/tr>\n<tr>\n<td valign=\"top\"><img decoding=\"async\" loading=\"lazy\" class=\"alignleft\" src=\"http:\/\/lungwitz-foundation.de\/wp-content\/uploads\/2018\/05\/becker-01-250.jpg\" alt=\"\" width=\"300\" height=\"450\" border=\"1\" \/><\/td>\n<td style=\"text-align: center;\" valign=\"top\"><img decoding=\"async\" loading=\"lazy\" class=\"alignleft\" src=\"http:\/\/lungwitz-foundation.de\/wp-content\/uploads\/2018\/05\/becker-02-250.jpg\" alt=\"\" width=\"300\" height=\"450\" border=\"1\" \/><\/td>\n<\/tr>\n<tr>\n<td valign=\"top\"><img decoding=\"async\" loading=\"lazy\" class=\"alignleft\" src=\"http:\/\/lungwitz-foundation.de\/wp-content\/uploads\/2018\/05\/becker-03-250.jpg\" alt=\"\" width=\"300\" height=\"450\" border=\"1\" \/><\/td>\n<td valign=\"top\"><img decoding=\"async\" loading=\"lazy\" src=\"http:\/\/lungwitz-foundation.de\/wp-content\/uploads\/2018\/05\/becker-04-250.jpg\" alt=\"\" width=\"300\" height=\"450\" border=\"1\" \/><\/td>\n<\/tr>\n<tr>\n<td valign=\"top\"><img decoding=\"async\" loading=\"lazy\" class=\"alignnone size-full wp-image-533\" src=\"http:\/\/lungwitz-foundation.de\/wp-content\/uploads\/2018\/06\/Wolf_Praesenztherapie-300.jpg\" alt=\"\" width=\"300\" height=\"440\" srcset=\"https:\/\/lungwitz-foundation.de\/wp-content\/uploads\/2018\/06\/Wolf_Praesenztherapie-300.jpg 300w, https:\/\/lungwitz-foundation.de\/wp-content\/uploads\/2018\/06\/Wolf_Praesenztherapie-300-205x300.jpg 205w, https:\/\/lungwitz-foundation.de\/wp-content\/uploads\/2018\/06\/Wolf_Praesenztherapie-300-102x150.jpg 102w\" sizes=\"(max-width: 300px) 100vw, 300px\" \/><\/td>\n<td valign=\"top\"><\/td>\n<\/tr>\n<\/tbody>\n<\/table>\n<p>Pr\u00e4senztherapie: Neue Psychotherapeutische Implikatonen im Wandel des abendl\u00e4ndischen Denkens<br \/>\nWolf\/Lan\/Wallner<br \/>\n2018. 1. Aufl.<br \/>\nCa. 144 S., ca. 13 Abb., geb.<br \/>\nISBN 978 3 13 241861 5<br \/>\nca. 39,99 \u20ac [D]<br \/>\nca. 41,10 \u20ac [A]<\/p>\n<p>&nbsp;<\/p>\n<p>[Quellenangabe f\u00fcr folgenden Text:\u00a0 <a href=\"https:\/\/www.amazon.de\">https:\/\/www.amazon.de<\/a> ]<\/p>\n<p>Die Sehnsucht nach \u201ePr\u00e4senz\u201c in Form von K\u00f6rperlichkeit, Nahbarkeit und Bindung ist Gegenstand der in diesem Buch vorgestellten Pr\u00e4senztherapie. Ein Team internationaler Autoren verschiedener Kulturen und Disziplinen der Psychotherapie stellt Ihnen diese innovative Therapieform aus unterschiedlichsten Sichtweisen vor.<br \/>\nIm vorliegenden Werk erhalten Psychologen, Psychiater und Therapeuten viele neue Denkanst\u00f6\u00dfe zu einem besseren Verst\u00e4ndnis der menschlichen Psyche. Dar\u00fcber hinaus werden konkrete Beispiele zur Umsetzung der Pr\u00e4senztherapie in der Praxis vorgestellt.<br \/>\nDas Buch gliedert sich in zwei Teile: Im Theorieteil werden die Elemente der Pr\u00e4senztherapie sowie die zugrundeliegenden philosophischen und weltanschaulichen Konzepte vorgestellt. Dabei werden Konzepte der bekannten zeitgen\u00f6ssischen Denker Hans Ulrich Gumbrecht und Hans Lungwitz integriert. Der Praxisteil veranschaulicht die Anwendung dieser alternativen Therapie im Kontext von Psychoanalyse, Achtsamkeitslehre u.a.<\/p>\n<p>Highlights in diesem Buch:<br \/>\n\u2013 Abendl\u00e4ndische und fern\u00f6stliche Erkenntnissen und Herangehensweisen werden zusammengef\u00fchrt.<br \/>\n\u2013 Eine jeweils abschlie\u00dfende Diskussion von Theorie- und Praxisteil bringt die vielf\u00e4ltigen Aspekte der Pr\u00e4senztherapie in einen nachvollziehbaren Zusammenhang.<br \/>\n\u2013 Einf\u00fchrende Zusammenfassungen der Kapitel vermitteln einen schnellen \u00dcberblick.<br \/>\n\u2013 Vorstellung eines Modellprojekts auf einer psychiatrisch-psychotherapeutischen Station, aus dem sich erste Ans\u00e4tze zur wissenschaftlichen Fortf\u00fchrung dieses Ansatzes ableiten lassen.<\/p>\n<p>Nutzen Sie diesen neuen Ansatz der Psychotherapie, um mit diesem ganzheitlichen Konzept zum Gesundungsprozess Ihrer Patienten beizutragen!<\/p>\n<p>Jederzeit zugreifen: Der Inhalt des Buches steht Ihnen ohne weitere Kosten digital in der Wissensplattform eRef zur Verf\u00fcgung (Zugangscode im Buch). Mit der kostenlosen eRef App haben Sie zahlreiche Inhalte auch offline immer griffbereit.<\/p>\n","protected":false},"excerpt":{"rendered":"<p>&nbsp; \u00a0Alle Titel sind zu beziehen \u00fcber den Buchhandel oder die Gesch\u00e4ftsstelle: Pr\u00e4senztherapie: Neue Psychotherapeutische Implikatonen im Wandel des abendl\u00e4ndischen Denkens Wolf\/Lan\/Wallner 2018. 1. Aufl. Ca. 144 S., ca. 13 Abb., geb. ISBN 978 3 13 241861 5 ca. 39,99 \u20ac [D] ca. 41,10 \u20ac [A] &nbsp; [Quellenangabe f\u00fcr folgenden\u2026<\/p>\n<p class=\"continue-reading-button\"> <a class=\"continue-reading-link\" href=\"https:\/\/lungwitz-foundation.de\/?page_id=53\">Continue reading<i class=\"crycon-right-dir\"><\/i><\/a><\/p>\n","protected":false},"author":1,"featured_media":0,"parent":0,"menu_order":0,"comment_status":"closed","ping_status":"closed","template":"","meta":[],"_links":{"self":[{"href":"https:\/\/lungwitz-foundation.de\/index.php?rest_route=\/wp\/v2\/pages\/53"}],"collection":[{"href":"https:\/\/lungwitz-foundation.de\/index.php?rest_route=\/wp\/v2\/pages"}],"about":[{"href":"https:\/\/lungwitz-foundation.de\/index.php?rest_route=\/wp\/v2\/types\/page"}],"author":[{"embeddable":true,"href":"https:\/\/lungwitz-foundation.de\/index.php?rest_route=\/wp\/v2\/users\/1"}],"replies":[{"embeddable":true,"href":"https:\/\/lungwitz-foundation.de\/index.php?rest_route=%2Fwp%2Fv2%2Fcomments&post=53"}],"version-history":[{"count":16,"href":"https:\/\/lungwitz-foundation.de\/index.php?rest_route=\/wp\/v2\/pages\/53\/revisions"}],"predecessor-version":[{"id":540,"href":"https:\/\/lungwitz-foundation.de\/index.php?rest_route=\/wp\/v2\/pages\/53\/revisions\/540"}],"wp:attachment":[{"href":"https:\/\/lungwitz-foundation.de\/index.php?rest_route=%2Fwp%2Fv2%2Fmedia&parent=53"}],"curies":[{"name":"wp","href":"https:\/\/api.w.org\/{rel}","templated":true}]}}