{"id":57,"date":"2018-05-04T20:14:21","date_gmt":"2018-05-04T18:14:21","guid":{"rendered":"http:\/\/lungwitz-foundation.de\/?page_id=57"},"modified":"2018-06-28T12:40:56","modified_gmt":"2018-06-28T10:40:56","slug":"literatur","status":"publish","type":"page","link":"https:\/\/lungwitz-foundation.de\/?page_id=57","title":{"rendered":"Literatur"},"content":{"rendered":"<table border=\"0\" width=\"100%\" cellspacing=\"1\" cellpadding=\"1\">\n<tbody>\n<tr>\n<td colspan=\"2\">Alle Titel sind zu beziehen \u00fcber den Buchhandel oder die Gesch\u00e4ftsstelle:<\/p>\n<p>&nbsp;<\/p>\n<h3>Wenn Sie die gekennzeichneten B\u00fccher online lesen wollen, haben Sie bitte Geduld mit den Ladezeiten (1 Minute und mehr) ! Einige Dateien sind bis zu 45 MB gro\u00df.<\/h3>\n<p>&nbsp;<\/td>\n<\/tr>\n<tr>\n<td colspan=\"2\">\n<hr \/>\n<\/td>\n<\/tr>\n<tr>\n<td>Lungwitz, Hans<br \/>\n<strong>Die Entdeckung der Seele<br \/>\nAllgemeine Psychobiologie<br \/>\n<\/strong>517 Seiten: 3.-5. Auflage<br \/>\n1947 \u2013 EURO 10,-<br \/>\nISBN 978-3-931609-11-5<\/p>\n<p style=\"text-align: right;\">\u25ba online<\/p>\n<\/td>\n<td>\u00a0<a href=\"http:\/\/lungwitz-foundation.de\/wp-content\/uploads\/2018\/05\/Die%20Entdeckung%20der%20Seele.PDF\"><img decoding=\"async\" loading=\"lazy\" src=\"http:\/\/lungwitz-foundation.de\/wp-content\/uploads\/2018\/05\/entdeckung-der-seele-k.jpg\" alt=\"\" width=\"150\" height=\"211\" \/><\/a><\/td>\n<\/tr>\n<tr>\n<td colspan=\"2\">\n<hr \/>\n<\/td>\n<\/tr>\n<tr>\n<td>Lungwitz, Hans<br \/>\n<strong>Lehrbuch der Psychobiologie, Gesamtwerk<br \/>\n<\/strong>Anzahl der B\u00e4nde: 10<br \/>\n\u20ac 180,-<br \/>\nISBN 3-931609-00-6<\/td>\n<td><\/td>\n<\/tr>\n<tr>\n<td colspan=\"2\">\n<hr \/>\n<\/td>\n<\/tr>\n<tr>\n<td>1. Abteilung<br \/>\n<strong>Die Welt ohne R\u00e4tsel<\/strong>Band 1 &#8211; 755 Seiten:<br \/>\n<strong>Das Wesen der Anschauung<br \/>\nDer Mensch als Reflexwesen<br \/>\nVon den Eigenschaften und Funktionen<br \/>\n<\/strong>1970 &#8211; \u20ac 23,-<br \/>\nISBN 3-931609-01-4<\/p>\n<p style=\"text-align: right;\">\u25ba online<\/p>\n<\/td>\n<td><a href=\"http:\/\/lungwitz-foundation.de\/wp-content\/uploads\/2018\/05\/Das%20Wesen%20der%20Anschauung-Der%20Mensch%20als%20Reflexwesen.PDF\"><img decoding=\"async\" loading=\"lazy\" src=\"http:\/\/lungwitz-foundation.de\/wp-content\/uploads\/2018\/05\/band-1.jpg\" alt=\"\" width=\"150\" height=\"226\" border=\"1\" \/><\/a><\/td>\n<\/tr>\n<tr>\n<td colspan=\"2\">\n<hr \/>\n<\/td>\n<\/tr>\n<tr>\n<td>Band 2 &#8211; 585 Seiten:<br \/>\n<strong>Die neun Sinne<br \/>\n<\/strong>1982 &#8211; \u20ac 20,50<br \/>\nISBN 3-931609-01-4<\/p>\n<p style=\"text-align: right;\">\u25ba online<\/p>\n<\/td>\n<td>\u00a0<a href=\"http:\/\/lungwitz-foundation.de\/wp-content\/uploads\/2018\/05\/Die%20neun%20Sinne.PDF\"><img decoding=\"async\" loading=\"lazy\" src=\"http:\/\/lungwitz-foundation.de\/wp-content\/uploads\/2018\/05\/band-2.jpg\" alt=\"\" width=\"150\" height=\"232\" border=\"1\" \/><\/a><\/td>\n<\/tr>\n<tr>\n<td colspan=\"2\">\n<hr \/>\n<\/td>\n<\/tr>\n<tr>\n<td>Band 3 &#8211; 392 Seiten:<br \/>\n<strong>Die Psychobiologie der Sprache<br \/>\n<\/strong>1979 &#8211; \u20ac 20,-<br \/>\nISBN 3-931603-0<\/p>\n<p style=\"text-align: right;\">\u25ba online<\/p>\n<\/td>\n<td>\u00a0<a href=\"http:\/\/lungwitz-foundation.de\/wp-content\/uploads\/2018\/05\/Die%20Psychobiologie%20der%20Sprache.PDF\"><img decoding=\"async\" loading=\"lazy\" src=\"http:\/\/lungwitz-foundation.de\/wp-content\/uploads\/2018\/05\/band-3.jpg\" alt=\"\" width=\"150\" height=\"234\" border=\"1\" \/><\/a><\/td>\n<\/tr>\n<tr>\n<td colspan=\"2\">\n<hr \/>\n<\/td>\n<\/tr>\n<tr>\n<td>2. Abteilung<br \/>\n<strong>Die Psychobiologie der Entwicklung<\/strong>Band 4 &#8211; 804 Seiten:<br \/>\n<strong>Der Mensch als Organismus<br \/>\nDie Kultur<br \/>\n<\/strong>1970 &#8211; \u20ac 23,-<br \/>\nISBN 3-931609-04-9<\/p>\n<p style=\"text-align: right;\">\u25ba online<\/p>\n<\/td>\n<td>\u00a0<a href=\"http:\/\/lungwitz-foundation.de\/wp-content\/uploads\/2018\/05\/Der%20Mensch%20als%20Organismus-Die%20Kultur.PDF\"><img decoding=\"async\" loading=\"lazy\" src=\"http:\/\/lungwitz-foundation.de\/wp-content\/uploads\/2018\/05\/band-4.jpg\" alt=\"\" width=\"150\" height=\"227\" border=\"1\" \/><\/a><\/td>\n<\/tr>\n<tr>\n<td colspan=\"2\">\n<hr \/>\n<\/td>\n<\/tr>\n<tr>\n<td>Band 5 &#8211; 676 Seiten:<br \/>\n<strong>Die Weltanschauung<br \/>\nDer Charakter<br \/>\n<\/strong>1969 &#8211; \u20ac 20,50<br \/>\nISBN 3-931609-05-7<\/p>\n<p style=\"text-align: right;\">\u25ba online<\/p>\n<\/td>\n<td>\u00a0<a href=\"http:\/\/lungwitz-foundation.de\/wp-content\/uploads\/2018\/05\/Die%20Weltanschauung%20-der%20Charakter.PDF\"><img decoding=\"async\" loading=\"lazy\" src=\"http:\/\/lungwitz-foundation.de\/wp-content\/uploads\/2018\/05\/band-5.jpg\" alt=\"\" width=\"150\" height=\"230\" border=\"1\" \/><\/a><\/td>\n<\/tr>\n<tr>\n<td colspan=\"2\">\n<hr \/>\n<\/td>\n<\/tr>\n<tr>\n<td>3. Abteilung<br \/>\n<strong>Die Psychobiologie der Krankheit<\/strong><br \/>\nBand 6 &#8211; 551 Seiten:<br \/>\n<strong>Das Wesen der Krankheit und der Genesung<br \/>\n<\/strong>1953 &#8211; \u20ac 23,-<br \/>\nISBN 3-931609-06-5<\/p>\n<p style=\"text-align: right;\">\u25ba online<\/p>\n<\/td>\n<td>\u00a0<a href=\"http:\/\/lungwitz-foundation.de\/wp-content\/uploads\/2018\/05\/Das%20Wesen%20der%20Krankheit%20und%20der%20Genesung.PDF\"><img decoding=\"async\" loading=\"lazy\" src=\"http:\/\/lungwitz-foundation.de\/wp-content\/uploads\/2018\/05\/band-6.jpg\" alt=\"\" width=\"150\" height=\"235\" border=\"1\" \/><\/a><\/td>\n<\/tr>\n<tr>\n<td colspan=\"2\">\n<hr \/>\n<\/td>\n<\/tr>\n<tr>\n<td>Band 7<br \/>\n<strong>Die Neurosenlehre<br \/>\nDie Erkenntnistherapie<br \/>\n<\/strong>Teil 1 &#8211; 509 Seiten:<br \/>\n1955 &#8211; \u20ac 23,-<br \/>\nISBN 3-931609-07-3<\/p>\n<p style=\"text-align: right;\">\u25ba online<\/p>\n<\/td>\n<td><a href=\"http:\/\/lungwitz-foundation.de\/wp-content\/uploads\/2018\/05\/Die%20Psychobiologie%20der%20Krankheit%201.Teil.PDF\"><img decoding=\"async\" loading=\"lazy\" src=\"http:\/\/lungwitz-foundation.de\/wp-content\/uploads\/2018\/05\/band-7.jpg\" alt=\"\" width=\"150\" height=\"216\" border=\"1\" \/><\/a><\/td>\n<\/tr>\n<tr>\n<td>Band 7<br \/>\n<strong>Die Neurosenlehre<br \/>\nDie Erkenntnistherapie<\/strong><br \/>\nTeil 2 &#8211; 449 Seiten:<br \/>\n1955 &#8211; \u20ac 20,50<br \/>\nISBN 3-931609-08-1<\/p>\n<p style=\"text-align: right;\">\u25ba online<\/p>\n<\/td>\n<td><a href=\"http:\/\/lungwitz-foundation.de\/wp-content\/uploads\/2018\/05\/Die%20Psychobiologie%20der%20Krankheit%202.Teil.PDF\"><img decoding=\"async\" loading=\"lazy\" src=\"http:\/\/lungwitz-foundation.de\/wp-content\/uploads\/2018\/05\/band-7.jpg\" alt=\"\" width=\"150\" height=\"216\" border=\"1\" \/><\/a><\/td>\n<\/tr>\n<tr>\n<td colspan=\"2\">\n<hr \/>\n<\/td>\n<\/tr>\n<tr>\n<td>\u00a04. Abteilung<br \/>\n<strong>Das Buch der Beispiele<\/strong>Band 8<br \/>\nTeil 1 &#8211; 456 Seiten:<br \/>\n<strong>Aus der Weltanschauungskunde<br \/>\n<\/strong>1956 &#8211; \u20ac 20,50<br \/>\nISBN 3-931609-09-X<\/p>\n<p style=\"text-align: right;\">\u25ba online<\/p>\n<\/td>\n<td>\u00a0<a href=\"http:\/\/lungwitz-foundation.de\/wp-content\/uploads\/2018\/05\/Das%20Buch%20der%20Beispiele%201.Teil.PDF\"><img decoding=\"async\" loading=\"lazy\" src=\"http:\/\/lungwitz-foundation.de\/wp-content\/uploads\/2018\/05\/band-8.jpg\" alt=\"\" width=\"150\" height=\"213\" border=\"1\" \/><\/a><\/td>\n<\/tr>\n<tr>\n<td><\/td>\n<td><\/td>\n<\/tr>\n<tr>\n<td>4. Abteilung<br \/>\n<strong>Das Buch der Beispiele<\/strong>Band 8Teil 2 &#8211; 357 Seiten:<br \/>\n<strong>Aus der Neurosenkunde<br \/>\n<\/strong>1956 &#8211; \u20ac 18,-<br \/>\nISBN 3-931609-10-3<\/p>\n<p style=\"text-align: right;\">\u25ba online<\/p>\n<\/td>\n<td><a href=\"http:\/\/lungwitz-foundation.de\/wp-content\/uploads\/2018\/05\/Das%20Buch%20der%20Beispiele%202.Teil.PDF\"><img decoding=\"async\" loading=\"lazy\" src=\"http:\/\/lungwitz-foundation.de\/wp-content\/uploads\/2018\/05\/band-8.jpg\" alt=\"\" width=\"150\" height=\"213\" border=\"1\" \/><\/a><\/td>\n<\/tr>\n<tr>\n<td colspan=\"2\">\n<hr \/>\n<\/td>\n<\/tr>\n<tr>\n<td>Lungwitz, Hans<br \/>\nPsychobiologische Analyse<br \/>\n8., durchges. Aufl. der &#8222;Erkenntnistherapie f\u00fcr Nerv\u00f6se&#8220;<br \/>\nHrsg. von J. L. Clauss u. L. Leonhardt<br \/>\n175 Seiten:<br \/>\n1977 &#8211; \u20ac 12,-<br \/>\nISBN 3-931609-12-X<\/p>\n<p style=\"text-align: right;\">\n<\/td>\n<td>\u00a0<img decoding=\"async\" loading=\"lazy\" src=\"http:\/\/lungwitz-foundation.de\/wp-content\/uploads\/2018\/05\/psychobiologische-analyse-k.jpg\" alt=\"\" width=\"150\" height=\"237\" border=\"1\" \/><\/td>\n<\/tr>\n<tr>\n<td colspan=\"2\">\n<hr \/>\n<\/td>\n<\/tr>\n<tr>\n<td>Lungwitz, Hans<br \/>\nPsychobiologie der Neurosen<br \/>\n\u00dcberarb. u. hersg. von R. Becker<br \/>\n1980 &#8211; \u20ac 13,50,-<br \/>\nISBN 3-931609-13-8<\/td>\n<td>\u00a0<img decoding=\"async\" loading=\"lazy\" src=\"http:\/\/lungwitz-foundation.de\/wp-content\/uploads\/2018\/05\/psychobiologie-der-neurosen-k.jpg\" alt=\"\" width=\"150\" height=\"239\" border=\"1\" \/><\/td>\n<\/tr>\n<tr>\n<td colspan=\"2\">\n<hr \/>\n<\/td>\n<\/tr>\n<tr>\n<td>Rahn, Hans-Georg<br \/>\nEinf\u00fchrung in die Psychobiologie<br \/>\n179 Seiten:<br \/>\n1973 &#8211; \u20ac 11,-<br \/>\nISBN 3-931609-14-6<\/td>\n<td><img decoding=\"async\" loading=\"lazy\" src=\"http:\/\/lungwitz-foundation.de\/wp-content\/uploads\/2018\/05\/psychobiologie-k.jpg\" alt=\"\" width=\"150\" height=\"215\" border=\"1\" \/><\/td>\n<\/tr>\n<tr>\n<td colspan=\"2\">\n<hr \/>\n<\/td>\n<\/tr>\n<tr>\n<td>Clauss, J. L.<br \/>\nDer Neurosenspiegel<br \/>\nEine moderne Neurosenkunde mit heilsamem Effekt in humorigen Versen<br \/>\n171 Seiten:<br \/>\n1969 &#8211; \u20ac 11,-<br \/>\nISBN 3-931609-15-4<\/td>\n<td>\u00a0<img decoding=\"async\" loading=\"lazy\" src=\"http:\/\/lungwitz-foundation.de\/wp-content\/uploads\/2018\/05\/neurosenspiegel-k.jpg\" alt=\"\" width=\"150\" height=\"224\" border=\"1\" \/><\/td>\n<\/tr>\n<tr>\n<td colspan=\"2\">\n<hr \/>\n<\/td>\n<\/tr>\n<tr>\n<td>Lungwitz, Hans<br \/>\nPsychobiologie der Volksseuche Neurose<br \/>\n92 Seiten:<br \/>\n1951 &#8211; \u20ac 7,50<br \/>\nNur in der Gesch\u00e4ftsstelle erh\u00e4ltlich !<\/td>\n<td><\/td>\n<\/tr>\n<tr>\n<td colspan=\"2\">\n<hr \/>\n<\/td>\n<\/tr>\n<tr>\n<td>Becker, Reinhold<br \/>\nDas Problem mit dem Netzhautbild<br \/>\nZur Theorie der optischen Wahrnehmung<br \/>\nZur Physiologie des Sehens<br \/>\n71 Seiten:<br \/>\n1978 &#8211; \u20ac 7,50<br \/>\nNur in der Gesch\u00e4ftsstelle erh\u00e4ltlich !<\/td>\n<td>\u00a0<img decoding=\"async\" loading=\"lazy\" src=\"http:\/\/lungwitz-foundation.de\/wp-content\/uploads\/2018\/05\/netzhautbild-k.jpg\" alt=\"\" width=\"150\" height=\"243\" border=\"1\" \/><\/td>\n<\/tr>\n<tr>\n<td colspan=\"2\">\n<hr \/>\n<\/td>\n<\/tr>\n<tr>\n<td>Lungwitz, Hans<br \/>\nPsychobiology and Cognitive Therapy of the Neuroses<br \/>\nRevised and edited by Reinhold Becker<br \/>\n200 pages:<br \/>\n1993 &#8211; \u20ac 17,50,-<br \/>\nISBN 3-931609-16-2<\/td>\n<td>\u00a0<img decoding=\"async\" loading=\"lazy\" src=\"http:\/\/lungwitz-foundation.de\/wp-content\/uploads\/2018\/05\/becker.jpg\" alt=\"\" width=\"150\" height=\"203\" border=\"1\" \/><\/td>\n<\/tr>\n<tr>\n<td colspan=\"2\">\n<hr \/>\n<\/td>\n<\/tr>\n<tr>\n<td>Claus, Johann L.<br \/>\nPhilosophische Terminologie der Psychobiologie<br \/>\n191 Seiten<br \/>\n1980 &#8211; \u20ac 10,-<br \/>\nNur in der Gesch\u00e4ftsstelle erh\u00e4ltlich !<\/p>\n<p style=\"text-align: right;\">\u25ba online<\/p>\n<\/td>\n<td>\u00a0<a href=\"http:\/\/lungwitz-foundation.de\/wp-content\/uploads\/2018\/05\/Philosophische%20Terminologie%20der%20Psychobiologie.PDF\"><img decoding=\"async\" loading=\"lazy\" src=\"http:\/\/lungwitz-foundation.de\/wp-content\/uploads\/2018\/05\/claus.jpg\" alt=\"\" width=\"150\" height=\"223\" border=\"1\" \/><\/a><\/td>\n<\/tr>\n<tr>\n<td colspan=\"2\">\n<hr \/>\n<\/td>\n<\/tr>\n<tr>\n<td>Dominicus, Rolf-Dieter<br \/>\nHans Lungwitz und seine Psychobiologie<br \/>\nEine Lebens- und Werkgeschichte<br \/>\n109 Seiten:<br \/>\n1993 &#8211; \u20ac 12,-<br \/>\nVerlag Die Blaue Eule<br \/>\nISBN 3-89206-522-5<br \/>\nNur im Buchhandel erh\u00e4ltlich !<\/td>\n<td>\u00a0<img decoding=\"async\" loading=\"lazy\" src=\"http:\/\/lungwitz-foundation.de\/wp-content\/uploads\/2018\/05\/dominicus.jpg\" alt=\"\" width=\"150\" height=\"210\" border=\"1\" \/><\/td>\n<\/tr>\n<tr>\n<td colspan=\"2\"><\/td>\n<\/tr>\n<tr>\n<td colspan=\"2\">\n<hr \/>\n<\/td>\n<\/tr>\n<tr>\n<td>W\u00fcrzburger medizinhistorische Mitteilungen<br \/>\nBand 22<br \/>\n2003<br \/>\nK\u00f6nigshausen &amp; Neumann<br \/>\nISSN 0177-5227<br \/>\nkostenlos<\/td>\n<td><img decoding=\"async\" loading=\"lazy\" src=\"http:\/\/lungwitz-foundation.de\/wp-content\/uploads\/2018\/05\/wuerzburger.jpg\" alt=\"\" width=\"150\" height=\"217\" border=\"1\" \/><\/td>\n<\/tr>\n<tr>\n<td><\/td>\n<td><\/td>\n<\/tr>\n<tr>\n<td style=\"vertical-align: top;\">Pr\u00e4senztherapie: Neue Psychotherapeutische Implikatonen im Wandel des abendl\u00e4ndischen Denkens<br \/>\nWolf\/Lan\/Wallner<br \/>\n2018. 1. Aufl.<br \/>\nCa. 144 S., ca. 13 Abb., geb.<br \/>\nISBN 978 3 13 241861 5ca. 39,99 \u20ac [D]<br \/>\nca. 41,10 \u20ac [A][Quellenangabe f\u00fcr folgenden Text:<a href=\"https:\/\/www.amazon.de\/Pr%C3%A4senztherapie-Psychotherapeutische-Implikatonen-abendl%C3%A4ndischen-Denkens\/dp\/3132418617\">\u00a0https:\/\/www.amazon.de\/]<\/a><\/p>\n<p>Die Sehnsucht nach \u201ePr\u00e4senz\u201c in Form von K\u00f6rperlichkeit, Nahbarkeit und Bindung ist Gegenstand der in diesem Buch vorgestellten Pr\u00e4senztherapie. Ein Team internationaler Autoren verschiedener Kulturen und Disziplinen der Psychotherapie stellt Ihnen diese innovative Therapieform aus unterschiedlichsten Sichtweisen vor.<br \/>\nIm vorliegenden Werk erhalten Psychologen, Psychiater und Therapeuten viele neue Denkanst\u00f6\u00dfe zu einem besseren Verst\u00e4ndnis der menschlichen Psyche. Dar\u00fcber hinaus werden konkrete Beispiele zur Umsetzung der Pr\u00e4senztherapie in der Praxis vorgestellt.<br \/>\nDas Buch gliedert sich in zwei Teile: Im Theorieteil werden die Elemente der Pr\u00e4senztherapie sowie die zugrundeliegenden philosophischen und weltanschaulichen Konzepte vorgestellt. Dabei werden Konzepte der bekannten zeitgen\u00f6ssischen Denker Hans Ulrich Gumbrecht und Hans Lungwitz integriert. Der Praxisteil veranschaulicht die Anwendung dieser alternativen Therapie im Kontext von Psychoanalyse, Achtsamkeitslehre u.a.<\/p>\n<p>Highlights in diesem Buch:<br \/>\n&#8211; Abendl\u00e4ndische und fern\u00f6stliche Erkenntnissen und Herangehensweisen werden zusammengef\u00fchrt.<br \/>\n&#8211; Eine jeweils abschlie\u00dfende Diskussion von Theorie- und Praxisteil bringt die vielf\u00e4ltigen Aspekte der Pr\u00e4senztherapie in einen nachvollziehbaren Zusammenhang.<br \/>\n&#8211; Einf\u00fchrende Zusammenfassungen der Kapitel vermitteln einen schnellen \u00dcberblick.<br \/>\n&#8211; Vorstellung eines Modellprojekts auf einer psychiatrisch-psychotherapeutischen Station, aus dem sich erste Ans\u00e4tze zur wissenschaftlichen Fortf\u00fchrung dieses Ansatzes ableiten lassen.<\/p>\n<p>Nutzen Sie diesen neuen Ansatz der Psychotherapie, um mit diesem ganzheitlichen Konzept zum Gesundungsprozess Ihrer Patienten beizutragen!<\/p>\n<p>Jederzeit zugreifen: Der Inhalt des Buches steht Ihnen ohne weitere Kosten digital in der Wissensplattform eRef zur Verf\u00fcgung (Zugangscode im Buch). Mit der kostenlosen eRef App haben Sie zahlreiche Inhalte auch offline immer griffbereit.<\/td>\n<td style=\"vertical-align: top;\"><img decoding=\"async\" loading=\"lazy\" class=\"alignnone size-full wp-image-523\" src=\"http:\/\/lungwitz-foundation.de\/wp-content\/uploads\/2018\/06\/Wolf_Praesenztherapie-150.jpg\" alt=\"\" width=\"150\" height=\"224\" srcset=\"https:\/\/lungwitz-foundation.de\/wp-content\/uploads\/2018\/06\/Wolf_Praesenztherapie-150.jpg 150w, https:\/\/lungwitz-foundation.de\/wp-content\/uploads\/2018\/06\/Wolf_Praesenztherapie-150-100x150.jpg 100w\" sizes=\"(max-width: 150px) 100vw, 150px\" \/><\/td>\n<\/tr>\n<\/tbody>\n<\/table>\n<p>&nbsp;<\/p>\n","protected":false},"excerpt":{"rendered":"<p>Alle Titel sind zu beziehen \u00fcber den Buchhandel oder die Gesch\u00e4ftsstelle: &nbsp; Wenn Sie die gekennzeichneten B\u00fccher online lesen wollen, haben Sie bitte Geduld mit den Ladezeiten (1 Minute und mehr) ! Einige Dateien sind bis zu 45 MB gro\u00df. &nbsp; Lungwitz, Hans Die Entdeckung der Seele Allgemeine Psychobiologie 517\u2026<\/p>\n<p class=\"continue-reading-button\"> <a class=\"continue-reading-link\" href=\"https:\/\/lungwitz-foundation.de\/?page_id=57\">Continue reading<i class=\"crycon-right-dir\"><\/i><\/a><\/p>\n","protected":false},"author":1,"featured_media":0,"parent":0,"menu_order":0,"comment_status":"closed","ping_status":"closed","template":"","meta":[],"_links":{"self":[{"href":"https:\/\/lungwitz-foundation.de\/index.php?rest_route=\/wp\/v2\/pages\/57"}],"collection":[{"href":"https:\/\/lungwitz-foundation.de\/index.php?rest_route=\/wp\/v2\/pages"}],"about":[{"href":"https:\/\/lungwitz-foundation.de\/index.php?rest_route=\/wp\/v2\/types\/page"}],"author":[{"embeddable":true,"href":"https:\/\/lungwitz-foundation.de\/index.php?rest_route=\/wp\/v2\/users\/1"}],"replies":[{"embeddable":true,"href":"https:\/\/lungwitz-foundation.de\/index.php?rest_route=%2Fwp%2Fv2%2Fcomments&post=57"}],"version-history":[{"count":10,"href":"https:\/\/lungwitz-foundation.de\/index.php?rest_route=\/wp\/v2\/pages\/57\/revisions"}],"predecessor-version":[{"id":530,"href":"https:\/\/lungwitz-foundation.de\/index.php?rest_route=\/wp\/v2\/pages\/57\/revisions\/530"}],"wp:attachment":[{"href":"https:\/\/lungwitz-foundation.de\/index.php?rest_route=%2Fwp%2Fv2%2Fmedia&parent=57"}],"curies":[{"name":"wp","href":"https:\/\/api.w.org\/{rel}","templated":true}]}}