{"id":86,"date":"2018-05-04T21:25:08","date_gmt":"2018-05-04T19:25:08","guid":{"rendered":"http:\/\/lungwitz-foundation.de\/?page_id=86"},"modified":"2018-07-01T00:26:46","modified_gmt":"2018-06-30T22:26:46","slug":"home","status":"publish","type":"page","link":"https:\/\/lungwitz-foundation.de\/","title":{"rendered":"Home"},"content":{"rendered":"<h2 style=\"text-align: left;\">Wie kommt die Welt in den Kopf?<\/h2>\n<p style=\"text-align: left; margin-left: 240px;\"><em><em>The mere fact that such a familiar feature of our lives [like consciousness, Za.] has resisted for so long all attempts to characterize it suggests that our conception of it is at fault. What is needed is not just more evidence, more experimental and clinical data, but a careful rethinking of the assumptions.<br \/>\nDaniel C. Dennett<\/em><\/em><\/p>\n<p>Die zentrale Frage der Erkenntnistheorie (Philosophie des Geistes) ist die Frage nach dem Wesen des Objekts, dem Wesen des Subjekts und der Beziehung zwischen beiden (Body-Mind-Problem). Bis heute jedoch gibt es &#8222;keine einheitlichen Methoden und konvergierenden Ergebnisse&#8220; (Bieri, 1997) bzw. &#8222;kaum allgemein anerkannte und gesicherte Resultate&#8220; (von Kutschera, 1981). Selbst &#8222;die Definition des Problems mag sich von Forscher zu Forscher unterscheiden&#8220; (Damasio, 2000). Im Rahmen des heute g\u00fcltigen Paradigmas erscheint das Problem als unl\u00f6sbar, denn wegen der Zirkularit\u00e4t der Argumente verst\u00f6\u00dft jede L\u00f6sung notwendigerweise gegen das Whitehead-Russell-Axiom.<\/p>\n<table style=\"background-color: #ebfaff;\">\n<tbody>\n<tr>\n<td>\n<h3>Hans Lungwitz<br \/>\n1881-1967<\/h3>\n<h4><strong>Begr\u00fcnder der Psychobiologie<\/strong><\/h4>\n<ul>\n<li>neurologisch basierte<\/li>\n<li>kausalit\u00e4tsfreie<\/li>\n<li>metaphysikfreie Anthroplologie<\/li>\n<\/ul>\n<\/td>\n<td style=\"vertical-align: middle;\">\n<h4><strong><img decoding=\"async\" loading=\"lazy\" class=\"alignnone size-full wp-image-555\" src=\"https:\/\/lungwitz-foundation.de\/wp-content\/uploads\/2018\/07\/lungwitz.jpg\" alt=\"\" width=\"364\" height=\"417\" srcset=\"https:\/\/lungwitz-foundation.de\/wp-content\/uploads\/2018\/07\/lungwitz.jpg 364w, https:\/\/lungwitz-foundation.de\/wp-content\/uploads\/2018\/07\/lungwitz-262x300.jpg 262w, https:\/\/lungwitz-foundation.de\/wp-content\/uploads\/2018\/07\/lungwitz-131x150.jpg 131w\" sizes=\"(max-width: 364px) 100vw, 364px\" \/><\/strong><\/h4>\n<\/td>\n<\/tr>\n<\/tbody>\n<\/table>\n","protected":false},"excerpt":{"rendered":"<p>Wie kommt die Welt in den Kopf? The mere fact that such a familiar feature of our lives [like consciousness, Za.] has resisted for so long all attempts to characterize it suggests that our conception of it is at fault. What is needed is not just more evidence, more experimental\u2026<\/p>\n<p class=\"continue-reading-button\"> <a class=\"continue-reading-link\" href=\"https:\/\/lungwitz-foundation.de\/\">Continue reading<i class=\"crycon-right-dir\"><\/i><\/a><\/p>\n","protected":false},"author":1,"featured_media":0,"parent":0,"menu_order":0,"comment_status":"closed","ping_status":"closed","template":"","meta":[],"_links":{"self":[{"href":"https:\/\/lungwitz-foundation.de\/index.php?rest_route=\/wp\/v2\/pages\/86"}],"collection":[{"href":"https:\/\/lungwitz-foundation.de\/index.php?rest_route=\/wp\/v2\/pages"}],"about":[{"href":"https:\/\/lungwitz-foundation.de\/index.php?rest_route=\/wp\/v2\/types\/page"}],"author":[{"embeddable":true,"href":"https:\/\/lungwitz-foundation.de\/index.php?rest_route=\/wp\/v2\/users\/1"}],"replies":[{"embeddable":true,"href":"https:\/\/lungwitz-foundation.de\/index.php?rest_route=%2Fwp%2Fv2%2Fcomments&post=86"}],"version-history":[{"count":31,"href":"https:\/\/lungwitz-foundation.de\/index.php?rest_route=\/wp\/v2\/pages\/86\/revisions"}],"predecessor-version":[{"id":558,"href":"https:\/\/lungwitz-foundation.de\/index.php?rest_route=\/wp\/v2\/pages\/86\/revisions\/558"}],"wp:attachment":[{"href":"https:\/\/lungwitz-foundation.de\/index.php?rest_route=%2Fwp%2Fv2%2Fmedia&parent=86"}],"curies":[{"name":"wp","href":"https:\/\/api.w.org\/{rel}","templated":true}]}}